{"id":9,"date":"2024-06-11T23:44:44","date_gmt":"2024-06-11T21:44:44","guid":{"rendered":"http:\/\/wiatrago.pl\/?page_id=9"},"modified":"2025-03-22T22:48:03","modified_gmt":"2025-03-22T21:48:03","slug":"idosell","status":"publish","type":"page","link":"https:\/\/wiatrago.pl\/","title":{"rendered":"IdoSell"},"content":{"rendered":"\n<div class=\"wp-block-cover alignfull is-light\" style=\"min-height:675px;aspect-ratio:unset;\"><span aria-hidden=\"true\" class=\"wp-block-cover__background has-background-dim-100 has-background-dim has-background-gradient\" style=\"background:linear-gradient(35deg,rgb(6,0,151) 0%,rgb(130,4,255) 73%,rgb(193,15,255) 100%)\"><\/span><div class=\"wp-block-cover__inner-container is-layout-flow wp-block-cover-is-layout-flow\">\n<div class=\"inherit-container-width wp-block-group alignwide is-layout-constrained wp-block-group-is-layout-constrained\">\n<div class=\"wp-block-media-text alignwide has-media-on-the-right is-stacked-on-mobile is-vertically-aligned-center\" style=\"grid-template-columns:auto 43%\"><div class=\"wp-block-media-text__content\">\n<h1 class=\"wp-block-heading has-text-align-left has-white-color has-text-color has-large-font-size\">e &#8211; Administrator IdoSell, BL, CMS ! <br>Marketplace | Allegro, Ceneo, Empik, Morele <br>FullStack Developer<\/h1>\n\n\n\n<p><\/p>\n\n\n\n<p><\/p>\n<\/div><figure class=\"wp-block-media-text__media\"><img decoding=\"async\" src=\"http:\/\/wiatrago.pl\/wp-content\/themes\/astra\/inc\/assets\/images\/starter-content\/hero-img.svg\" alt=\"\" class=\"wp-image-118 size-full\"\/><\/figure><\/div>\n<\/div>\n<\/div><\/div>\n\n\n\n<div class=\"wp-block-group alignfull has-ast-global-color-5-background-color has-background is-layout-constrained wp-container-core-group-is-layout-9cedb757 wp-block-group-is-layout-constrained\" style=\"padding-bottom:0px\">\n<div class=\"wp-block-columns are-vertically-aligned-top is-layout-flex wp-container-core-columns-is-layout-00723822 wp-block-columns-is-layout-flex\">\n<div class=\"wp-block-column is-vertically-aligned-top is-layout-flow wp-container-core-column-is-layout-6b73ce23 wp-block-column-is-layout-flow\">\n<figure class=\"wp-block-image size-large\"><img decoding=\"async\" src=\"http:\/\/wiatrago.pl\/wp-content\/themes\/astra\/inc\/assets\/images\/starter-content\/building.svg\" alt=\"\" class=\"wp-image-134\"\/><\/figure>\n\n\n\n<h3 class=\"wp-block-heading has-text-align-left has-large-font-size\" style=\"margin-top:16px\">IdoSell<\/h3>\n\n\n\n<p class=\"has-text-align-left has-small-font-size\">Aktywnie prowadz\u0119 sprzeda\u017c internetow\u0105 w oparciu o silnik IdoSell (IAI). To sprawdzone i elastyczne rozwi\u0105zanie e-commerce, kt\u00f3re umo\u017cliwia mi skuteczne zarz\u0105dzanie ofert\u0105. <br><br>Dzi\u0119ki integracjom i automatyzacji proces\u00f3w jestem w stanie skupi\u0107 si\u0119 na rozwoju biznesu i dostarczaniu warto\u015bci moim klientom.<\/p>\n<\/div>\n\n\n\n<div class=\"wp-block-column is-vertically-aligned-top is-layout-flow wp-container-core-column-is-layout-6b73ce23 wp-block-column-is-layout-flow\">\n<figure class=\"wp-block-image size-large\"><img decoding=\"async\" src=\"http:\/\/wiatrago.pl\/wp-content\/themes\/astra\/inc\/assets\/images\/starter-content\/shopping-bag.svg\" alt=\"\" class=\"wp-image-135\"\/><\/figure>\n\n\n\n<h3 class=\"wp-block-heading has-text-align-left has-large-font-size\" style=\"margin-top:16px\">Marketplace<\/h3>\n\n\n\n<p class=\"has-text-align-left has-small-font-size\">Wspieram sprzeda\u017c na najwa\u017cniejszych platformach e-commerce w Polsce, takich jak: Allegro, Ceneo, EMPIK oraz Morele. <br><br>Obecno\u015b\u0107 na r\u00f3\u017cnych platformach pozwala dotrze\u0107 do szerokiego grona klient\u00f3w i skutecznie budowa\u0107 pozycj\u0119 marki w internecie.<\/p>\n<\/div>\n\n\n\n<div class=\"wp-block-column is-vertically-aligned-top is-layout-flow wp-container-core-column-is-layout-6b73ce23 wp-block-column-is-layout-flow\">\n<figure class=\"wp-block-image size-large\"><img decoding=\"async\" src=\"http:\/\/wiatrago.pl\/wp-content\/themes\/astra\/inc\/assets\/images\/starter-content\/blog.svg\" alt=\"\" class=\"wp-image-136\"\/><\/figure>\n\n\n\n<h3 class=\"wp-block-heading has-text-align-left has-large-font-size\" style=\"margin-top:16px\">BaseLinker<\/h3>\n\n\n\n<p class=\"has-text-align-left has-small-font-size\">Oferuj\u0119 integracj\u0119 sklep\u00f3w internetowych oraz kont marketplace za pomoc\u0105 systemu BaseLinker. <br><br>To elastyczne rozwi\u0105zanie, kt\u00f3re wspiera rozw\u00f3j ka\u017cdego e-biznesu \u2014 od jednoosobowej dzia\u0142alno\u015bci po zaawansowane sklepy online.<\/p>\n<\/div>\n\n\n\n<div class=\"wp-block-column is-vertically-aligned-top is-layout-flow wp-container-core-column-is-layout-6b73ce23 wp-block-column-is-layout-flow\">\n<figure class=\"wp-block-image size-large\"><img decoding=\"async\" src=\"http:\/\/wiatrago.pl\/wp-content\/themes\/astra\/inc\/assets\/images\/starter-content\/portfolio.svg\" alt=\"\" class=\"wp-image-137\"\/><\/figure>\n\n\n\n<h3 class=\"wp-block-heading has-text-align-left has-large-font-size\" style=\"margin-top:16px\">Do\u015bwiadczenie<\/h3>\n\n\n\n<p class=\"has-text-align-left has-small-font-size\">Mam ponad 10 lat do\u015bwiadczenia w bran\u017cy e-commerce i sprzeda\u017cy internetowej.<\/p>\n<\/div>\n<\/div>\n<\/div>\n\n\n\n<div class=\"wp-block-group alignfull is-layout-constrained wp-container-core-group-is-layout-45b0ac4f wp-block-group-is-layout-constrained\" id=\"services\" style=\"padding-top:144px;padding-bottom:0px\">\n<h2 class=\"wp-block-heading has-large-font-size\">Serwis<\/h2>\n\n\n\n<div class=\"wp-block-columns is-layout-flex wp-container-core-columns-is-layout-60cbf9bb wp-block-columns-is-layout-flex\" style=\"margin-top:50px\">\n<div class=\"wp-block-column is-layout-flow wp-container-core-column-is-layout-6b73ce23 wp-block-column-is-layout-flow\">\n<figure class=\"wp-block-image aligncenter size-full is-resized\"><img decoding=\"async\" src=\"http:\/\/wiatrago.pl\/wp-content\/themes\/astra\/inc\/assets\/images\/starter-content\/branding.jpg\" alt=\"\" class=\"wp-image-230\" style=\"width:285px;height:auto\"\/><\/figure>\n\n\n\n<h3 class=\"wp-block-heading has-text-align-center has-large-font-size\" style=\"margin-top:16px\"> Zadania si\u0119 pi\u0119trz\u0105?<\/h3>\n\n\n\n<p class=\"has-text-align-center has-small-font-size\">Pomog\u0119 Ci uporz\u0105dkowa\u0107 codzienn\u0105 prac\u0119, zaj\u0105\u0107 si\u0119 tym, na co brakuje Ci czasu.<\/p>\n<\/div>\n\n\n\n<div class=\"wp-block-column is-layout-flow wp-container-core-column-is-layout-6b73ce23 wp-block-column-is-layout-flow\">\n<figure class=\"wp-block-image aligncenter size-full is-resized\"><img decoding=\"async\" src=\"http:\/\/wiatrago.pl\/wp-content\/themes\/astra\/inc\/assets\/images\/starter-content\/graphic.jpg\" alt=\"\" class=\"wp-image-230\" style=\"width:285px;height:auto\"\/><\/figure>\n\n\n\n<h3 class=\"wp-block-heading has-text-align-center has-large-font-size\" style=\"margin-top:16px\">Wsp\u00f3\u0142praca<\/h3>\n\n\n\n<p class=\"has-text-align-center has-small-font-size\">Oferuj\u0119 elastyczne formy wsp\u00f3\u0142pracy \u2014 rozliczenie godzinowe lub w formie pakietu.<\/p>\n<\/div>\n\n\n\n<div class=\"wp-block-column is-layout-flow wp-container-core-column-is-layout-6b73ce23 wp-block-column-is-layout-flow\">\n<figure class=\"wp-block-image aligncenter size-full is-resized\"><img decoding=\"async\" src=\"http:\/\/wiatrago.pl\/wp-content\/themes\/astra\/inc\/assets\/images\/starter-content\/web.jpg\" alt=\"\" class=\"wp-image-230\" style=\"width:285px;height:auto\"\/><\/figure>\n\n\n\n<h3 class=\"wp-block-heading has-text-align-center has-large-font-size\" style=\"margin-top:16px\">Standardy<\/h3>\n\n\n\n<p class=\"has-text-align-center has-small-font-size\">Model wsp\u00f3\u0142pracy dopasowuj\u0119 do Twoich realnych potrzeb.\nStawiam na indywidualne podej\u015bcie i elastyczno\u015b\u0107.<\/p>\n<\/div>\n<\/div>\n<\/div>\n\n\n\n<div class=\"wp-block-group alignfull has-ast-global-color-5-background-color has-background is-layout-constrained wp-container-core-group-is-layout-94d206d0 wp-block-group-is-layout-constrained\" id=\"about\" style=\"padding-top:143px;padding-bottom:144px\">\n<div class=\"wp-block-media-text has-media-on-the-right is-stacked-on-mobile is-vertically-aligned-center\"><div class=\"wp-block-media-text__content\">\n<div class=\"inherit-container-width wp-block-group is-layout-constrained wp-container-core-group-is-layout-47ce07ec wp-block-group-is-layout-constrained\" style=\"padding-right:80px\">\n<p class=\"has-text-align-left has-medium-font-size\">Nie musisz planowa\u0107 wszystkiego sam.<br>Podrzucasz zadania \u2013 ja zajmuj\u0119 si\u0119 reszt\u0105.<\/p>\n\n\n\n<p><\/p>\n<\/div>\n<\/div><figure class=\"wp-block-media-text__media\"><img decoding=\"async\" src=\"http:\/\/wiatrago.pl\/wp-content\/themes\/astra\/inc\/assets\/images\/starter-content\/about-us.jpg\" alt=\"\" class=\"wp-image-237 size-full\"\/><\/figure><\/div>\n<\/div>\n\n\n\n<div class=\"wp-block-group alignfull has-ast-global-color-4-background-color has-background is-content-justification-center is-layout-constrained wp-container-core-group-is-layout-f0dbfc9c wp-block-group-is-layout-constrained\" id=\"reviews\">\n<p class=\"has-text-align-center\" style=\"padding-top:0;padding-right:0;padding-bottom:0;padding-left:0;font-size:36px;font-style:normal;font-weight:500;line-height:1.1\">Wed\u0142ug bada\u0144 Strategy&amp;Polska&nbsp;do 2027 roku warto\u015b\u0107 rynku e-commerce w naszym kraju wzro\u015bnie o ponad 94 mld z\u0142 (do 187 mld z\u0142).<\/p>\n<\/div>\n\n\n\n<div class=\"wp-block-group alignfull is-layout-constrained wp-container-core-group-is-layout-3fee123f wp-block-group-is-layout-constrained\" id=\"whyus\" style=\"padding-top:144px;padding-bottom:144px\">\n<div class=\"wp-block-columns is-layout-flex wp-container-core-columns-is-layout-29aadeec wp-block-columns-is-layout-flex\" style=\"margin-top:60px\">\n<div class=\"wp-block-column is-layout-flow wp-container-core-column-is-layout-6b73ce23 wp-block-column-is-layout-flow\">\n<figure class=\"wp-block-image aligncenter size-large is-resized\"><img decoding=\"async\" src=\"http:\/\/wiatrago.pl\/wp-content\/themes\/astra\/inc\/assets\/images\/starter-content\/passionate.svg\" alt=\"\" class=\"wp-image-162\" style=\"aspect-ratio:1;object-fit:cover;width:125px\"\/><\/figure>\n\n\n\n<h3 class=\"wp-block-heading has-text-align-center has-large-font-size\" style=\"margin-top:16px\">Pasja<\/h3>\n\n\n\n<p><\/p>\n<\/div>\n\n\n\n<div class=\"wp-block-column is-layout-flow wp-container-core-column-is-layout-6b73ce23 wp-block-column-is-layout-flow\">\n<figure class=\"wp-block-image aligncenter size-large is-resized\"><img decoding=\"async\" src=\"http:\/\/wiatrago.pl\/wp-content\/themes\/astra\/inc\/assets\/images\/starter-content\/professional.svg\" alt=\"\" class=\"wp-image-163\" style=\"aspect-ratio:1;object-fit:cover;width:125px\"\/><\/figure>\n\n\n\n<h3 class=\"wp-block-heading has-text-align-center has-large-font-size\" style=\"margin-top:16px\">Specjalizacja<\/h3>\n\n\n\n<p><\/p>\n<\/div>\n\n\n\n<div class=\"wp-block-column is-layout-flow wp-container-core-column-is-layout-6b73ce23 wp-block-column-is-layout-flow\">\n<figure class=\"wp-block-image aligncenter size-large is-resized\"><img decoding=\"async\" src=\"http:\/\/wiatrago.pl\/wp-content\/themes\/astra\/inc\/assets\/images\/starter-content\/support.svg\" alt=\"\" class=\"wp-image-164\" style=\"aspect-ratio:1;object-fit:cover;width:125px\"\/><\/figure>\n\n\n\n<h3 class=\"wp-block-heading has-text-align-center has-large-font-size\" style=\"margin-top:16px\">Do\u015bwiadczenie<\/h3>\n\n\n\n<p><\/p>\n<\/div>\n<\/div>\n<\/div>\n","protected":false},"excerpt":{"rendered":"<p>IdoSell Aktywnie prowadz\u0119 sprzeda\u017c internetow\u0105 w oparciu o silnik IdoSell (IAI). To sprawdzone i elastyczne rozwi\u0105zanie e-commerce, kt\u00f3re umo\u017cliwia mi [&hellip;]<\/p>\n","protected":false},"author":1,"featured_media":0,"parent":0,"menu_order":0,"comment_status":"closed","ping_status":"closed","template":"","meta":{"inline_featured_image":false,"_uag_custom_page_level_css":"","site-sidebar-layout":"no-sidebar","site-content-layout":"plain-container","ast-site-content-layout":"","site-content-style":"default","site-sidebar-style":"default","ast-global-header-display":"","ast-banner-title-visibility":"","ast-main-header-display":"","ast-hfb-above-header-display":"","ast-hfb-below-header-display":"","ast-hfb-mobile-header-display":"","site-post-title":"disabled","ast-breadcrumbs-content":"","ast-featured-img":"","footer-sml-layout":"","theme-transparent-header-meta":"enabled","adv-header-id-meta":"","stick-header-meta":"","header-above-stick-meta":"","header-main-stick-meta":"","header-below-stick-meta":"","astra-migrate-meta-layouts":"default","ast-page-background-enabled":"default","ast-page-background-meta":{"desktop":{"background-color":"var(--ast-global-color-4)","background-image":"","background-repeat":"repeat","background-position":"center center","background-size":"auto","background-attachment":"scroll","background-type":"","background-media":"","overlay-type":"","overlay-color":"","overlay-opacity":"","overlay-gradient":""},"tablet":{"background-color":"","background-image":"","background-repeat":"repeat","background-position":"center center","background-size":"auto","background-attachment":"scroll","background-type":"","background-media":"","overlay-type":"","overlay-color":"","overlay-opacity":"","overlay-gradient":""},"mobile":{"background-color":"","background-image":"","background-repeat":"repeat","background-position":"center center","background-size":"auto","background-attachment":"scroll","background-type":"","background-media":"","overlay-type":"","overlay-color":"","overlay-opacity":"","overlay-gradient":""}},"ast-content-background-meta":{"desktop":{"background-color":"var(--ast-global-color-5)","background-image":"","background-repeat":"repeat","background-position":"center center","background-size":"auto","background-attachment":"scroll","background-type":"","background-media":"","overlay-type":"","overlay-color":"","overlay-opacity":"","overlay-gradient":""},"tablet":{"background-color":"var(--ast-global-color-5)","background-image":"","background-repeat":"repeat","background-position":"center center","background-size":"auto","background-attachment":"scroll","background-type":"","background-media":"","overlay-type":"","overlay-color":"","overlay-opacity":"","overlay-gradient":""},"mobile":{"background-color":"var(--ast-global-color-5)","background-image":"","background-repeat":"repeat","background-position":"center center","background-size":"auto","background-attachment":"scroll","background-type":"","background-media":"","overlay-type":"","overlay-color":"","overlay-opacity":"","overlay-gradient":""}},"footnotes":""},"class_list":["post-9","page","type-page","status-publish","hentry"],"uagb_featured_image_src":{"full":false,"thumbnail":false,"medium":false,"medium_large":false,"large":false,"1536x1536":false,"2048x2048":false},"uagb_author_info":{"display_name":"admin8015","author_link":"https:\/\/wiatrago.pl\/index.php\/author\/admin8015\/"},"uagb_comment_info":0,"uagb_excerpt":"IdoSell Aktywnie prowadz\u0119 sprzeda\u017c internetow\u0105 w oparciu o silnik IdoSell (IAI). To sprawdzone i elastyczne rozwi\u0105zanie e-commerce, kt\u00f3re umo\u017cliwia mi [&hellip;]","_links":{"self":[{"href":"https:\/\/wiatrago.pl\/index.php\/wp-json\/wp\/v2\/pages\/9","targetHints":{"allow":["GET"]}}],"collection":[{"href":"https:\/\/wiatrago.pl\/index.php\/wp-json\/wp\/v2\/pages"}],"about":[{"href":"https:\/\/wiatrago.pl\/index.php\/wp-json\/wp\/v2\/types\/page"}],"author":[{"embeddable":true,"href":"https:\/\/wiatrago.pl\/index.php\/wp-json\/wp\/v2\/users\/1"}],"replies":[{"embeddable":true,"href":"https:\/\/wiatrago.pl\/index.php\/wp-json\/wp\/v2\/comments?post=9"}],"version-history":[{"count":175,"href":"https:\/\/wiatrago.pl\/index.php\/wp-json\/wp\/v2\/pages\/9\/revisions"}],"predecessor-version":[{"id":273,"href":"https:\/\/wiatrago.pl\/index.php\/wp-json\/wp\/v2\/pages\/9\/revisions\/273"}],"wp:attachment":[{"href":"https:\/\/wiatrago.pl\/index.php\/wp-json\/wp\/v2\/media?parent=9"}],"curies":[{"name":"wp","href":"https:\/\/api.w.org\/{rel}","templated":true}]}}